{"id":1019,"date":"2026-02-06T19:29:19","date_gmt":"2026-02-06T18:29:19","guid":{"rendered":"https:\/\/layenhof-ateliers.de\/?page_id=1019"},"modified":"2026-02-27T22:07:12","modified_gmt":"2026-02-27T21:07:12","slug":"annette-kipnowski","status":"publish","type":"page","link":"https:\/\/layenhof-ateliers.de\/index.php\/die-kreativen\/annette-kipnowski\/","title":{"rendered":"Annette Kipnowski"},"content":{"rendered":"\n<div class=\"wp-block-columns is-layout-flex wp-container-core-columns-is-layout-28f84493 wp-block-columns-is-layout-flex\">\n<div class=\"wp-block-column is-layout-flow wp-block-column-is-layout-flow\">\n<p>Geb\u00e4ude 5879<\/p>\n\n\n\n<p><a href=\"http:\/\/www.art-kipnowski.de\" target=\"_blank\" rel=\"noreferrer noopener\">Webseite<\/a><\/p>\n<\/div>\n\n\n\n<div class=\"wp-block-column is-layout-flow wp-block-column-is-layout-flow\">\n<figure class=\"wp-block-image size-large\"><img loading=\"lazy\" decoding=\"async\" width=\"582\" height=\"1024\" src=\"https:\/\/layenhof-ateliers.de\/wp-content\/uploads\/2026\/02\/Atelier4-582x1024.jpg\" alt=\"\" class=\"wp-image-1020\" srcset=\"https:\/\/layenhof-ateliers.de\/wp-content\/uploads\/2026\/02\/Atelier4-582x1024.jpg 582w, https:\/\/layenhof-ateliers.de\/wp-content\/uploads\/2026\/02\/Atelier4-171x300.jpg 171w, https:\/\/layenhof-ateliers.de\/wp-content\/uploads\/2026\/02\/Atelier4-768x1350.jpg 768w, https:\/\/layenhof-ateliers.de\/wp-content\/uploads\/2026\/02\/Atelier4-874x1536.jpg 874w, https:\/\/layenhof-ateliers.de\/wp-content\/uploads\/2026\/02\/Atelier4-1165x2048.jpg 1165w, https:\/\/layenhof-ateliers.de\/wp-content\/uploads\/2026\/02\/Atelier4-scaled.jpg 1456w\" sizes=\"auto, (max-width: 582px) 100vw, 582px\" \/><\/figure>\n<\/div>\n<\/div>\n\n\n\n<p class=\"has-text-align-left\">Der Schwerpunkt meiner k\u00fcnstlerischen T\u00e4tigkeit liegt auf gro\u00dfformatigen Schwarz-Weiss-Portr\u00e4ts.<br>Weitere wesentliche Themen sind abstrahierte Stadt- und Landschaftsansichten und Malerei auf \u00e4gyptischem Papyrus.<\/p>\n\n\n\n<div style=\"height:63px\" aria-hidden=\"true\" class=\"wp-block-spacer\"><\/div>\n\n\n\n<figure class=\"wp-block-gallery has-nested-images columns-default is-cropped wp-block-gallery-1 is-layout-flex wp-block-gallery-is-layout-flex\">\n<figure class=\"wp-block-image size-large\"><img loading=\"lazy\" decoding=\"async\" width=\"724\" height=\"1024\" data-id=\"1022\" src=\"https:\/\/layenhof-ateliers.de\/wp-content\/uploads\/2026\/02\/Menschen-724x1024.jpg\" alt=\"\" class=\"wp-image-1022\" srcset=\"https:\/\/layenhof-ateliers.de\/wp-content\/uploads\/2026\/02\/Menschen-724x1024.jpg 724w, https:\/\/layenhof-ateliers.de\/wp-content\/uploads\/2026\/02\/Menschen-212x300.jpg 212w, https:\/\/layenhof-ateliers.de\/wp-content\/uploads\/2026\/02\/Menschen-768x1086.jpg 768w, https:\/\/layenhof-ateliers.de\/wp-content\/uploads\/2026\/02\/Menschen-1086x1536.jpg 1086w, https:\/\/layenhof-ateliers.de\/wp-content\/uploads\/2026\/02\/Menschen-1448x2048.jpg 1448w, https:\/\/layenhof-ateliers.de\/wp-content\/uploads\/2026\/02\/Menschen-scaled.jpg 1810w\" sizes=\"auto, (max-width: 724px) 100vw, 724px\" \/><\/figure>\n\n\n\n<figure class=\"wp-block-image size-large\"><img loading=\"lazy\" decoding=\"async\" width=\"683\" height=\"1024\" data-id=\"1023\" src=\"https:\/\/layenhof-ateliers.de\/wp-content\/uploads\/2026\/02\/Teppich-4-683x1024.jpg\" alt=\"\" class=\"wp-image-1023\" srcset=\"https:\/\/layenhof-ateliers.de\/wp-content\/uploads\/2026\/02\/Teppich-4-683x1024.jpg 683w, https:\/\/layenhof-ateliers.de\/wp-content\/uploads\/2026\/02\/Teppich-4-200x300.jpg 200w, https:\/\/layenhof-ateliers.de\/wp-content\/uploads\/2026\/02\/Teppich-4-768x1152.jpg 768w, https:\/\/layenhof-ateliers.de\/wp-content\/uploads\/2026\/02\/Teppich-4-1024x1536.jpg 1024w, https:\/\/layenhof-ateliers.de\/wp-content\/uploads\/2026\/02\/Teppich-4-1365x2048.jpg 1365w, https:\/\/layenhof-ateliers.de\/wp-content\/uploads\/2026\/02\/Teppich-4-scaled.jpg 1707w\" sizes=\"auto, (max-width: 683px) 100vw, 683px\" \/><\/figure>\n\n\n\n<figure class=\"wp-block-image size-large\"><img loading=\"lazy\" decoding=\"async\" width=\"819\" height=\"1024\" data-id=\"1021\" src=\"https:\/\/layenhof-ateliers.de\/wp-content\/uploads\/2026\/02\/Al-Qahira-120x80-2019-819x1024.jpg\" alt=\"\" class=\"wp-image-1021\" srcset=\"https:\/\/layenhof-ateliers.de\/wp-content\/uploads\/2026\/02\/Al-Qahira-120x80-2019-819x1024.jpg 819w, https:\/\/layenhof-ateliers.de\/wp-content\/uploads\/2026\/02\/Al-Qahira-120x80-2019-240x300.jpg 240w, https:\/\/layenhof-ateliers.de\/wp-content\/uploads\/2026\/02\/Al-Qahira-120x80-2019-768x960.jpg 768w, https:\/\/layenhof-ateliers.de\/wp-content\/uploads\/2026\/02\/Al-Qahira-120x80-2019.jpg 945w\" sizes=\"auto, (max-width: 819px) 100vw, 819px\" \/><\/figure>\n<\/figure>\n\n\n\n<p><\/p>\n","protected":false},"excerpt":{"rendered":"<p>Geb\u00e4ude 5879 Webseite Der Schwerpunkt meiner k\u00fcnstlerischen T\u00e4tigkeit liegt auf gro\u00dfformatigen Schwarz-Weiss-Portr\u00e4ts.Weitere wesentliche Themen sind abstrahierte Stadt- und Landschaftsansichten und Malerei auf \u00e4gyptischem Papyrus.<\/p>\n","protected":false},"author":1,"featured_media":0,"parent":32,"menu_order":30,"comment_status":"closed","ping_status":"closed","template":"","meta":{"footnotes":""},"class_list":["post-1019","page","type-page","status-publish","hentry"],"_links":{"self":[{"href":"https:\/\/layenhof-ateliers.de\/index.php\/wp-json\/wp\/v2\/pages\/1019","targetHints":{"allow":["GET"]}}],"collection":[{"href":"https:\/\/layenhof-ateliers.de\/index.php\/wp-json\/wp\/v2\/pages"}],"about":[{"href":"https:\/\/layenhof-ateliers.de\/index.php\/wp-json\/wp\/v2\/types\/page"}],"author":[{"embeddable":true,"href":"https:\/\/layenhof-ateliers.de\/index.php\/wp-json\/wp\/v2\/users\/1"}],"replies":[{"embeddable":true,"href":"https:\/\/layenhof-ateliers.de\/index.php\/wp-json\/wp\/v2\/comments?post=1019"}],"version-history":[{"count":1,"href":"https:\/\/layenhof-ateliers.de\/index.php\/wp-json\/wp\/v2\/pages\/1019\/revisions"}],"predecessor-version":[{"id":1025,"href":"https:\/\/layenhof-ateliers.de\/index.php\/wp-json\/wp\/v2\/pages\/1019\/revisions\/1025"}],"up":[{"embeddable":true,"href":"https:\/\/layenhof-ateliers.de\/index.php\/wp-json\/wp\/v2\/pages\/32"}],"wp:attachment":[{"href":"https:\/\/layenhof-ateliers.de\/index.php\/wp-json\/wp\/v2\/media?parent=1019"}],"curies":[{"name":"wp","href":"https:\/\/api.w.org\/{rel}","templated":true}]}}